{"id":104,"date":"2020-10-06T12:38:57","date_gmt":"2020-10-06T12:38:57","guid":{"rendered":"https:\/\/biologische-kunststoffe.de\/?page_id=104"},"modified":"2020-10-06T12:38:57","modified_gmt":"2020-10-06T12:38:57","slug":"datenschutzerklaerung","status":"publish","type":"page","link":"https:\/\/biologische-kunststoffe.de\/?page_id=104","title":{"rendered":"Datenschutzerkl\u00e4rung"},"content":{"rendered":"<p>[et_pb_section fb_built=&#8220;1&#8243; admin_label=&#8220;About Us&#8220; _builder_version=&#8220;3.22&#8243;][et_pb_row _builder_version=&#8220;3.25&#8243;][et_pb_column type=&#8220;4_4&#8243; _builder_version=&#8220;3.25&#8243; custom_padding=&#8220;|||&#8220; custom_padding__hover=&#8220;|||&#8220;][et_pb_text _builder_version=&#8220;3.27.4&#8243; text_font=&#8220;||||||||&#8220; header_font=&#8220;||||||||&#8220; header_2_font=&#8220;Rubik|700|||||||&#8220; header_2_font_size=&#8220;42px&#8220; header_2_line_height=&#8220;1.2em&#8220; text_orientation=&#8220;center&#8220; module_alignment=&#8220;center&#8220; custom_margin=&#8220;|||&#8220; custom_padding=&#8220;|||&#8220; header_2_font_size_tablet=&#8220;&#8220; header_2_font_size_phone=&#8220;36px&#8220; header_2_font_size_last_edited=&#8220;on|phone&#8220; locked=&#8220;off&#8220;]<\/p>\n<h2>Datenschutzerkl\u00e4rung<\/h2>\n<p>[\/et_pb_text][et_pb_divider color=&#8220;#ffcc00&#8243; divider_position=&#8220;center&#8220; divider_weight=&#8220;5px&#8220; _builder_version=&#8220;4.4.4&#8243; max_width=&#8220;50px&#8220; module_alignment=&#8220;center&#8220; hover_enabled=&#8220;0&#8243; locked=&#8220;off&#8220;][\/et_pb_divider][\/et_pb_column][\/et_pb_row][et_pb_row _builder_version=&#8220;4.4.4&#8243; hover_enabled=&#8220;0&#8243;][et_pb_column type=&#8220;4_4&#8243; _builder_version=&#8220;3.25&#8243; custom_padding=&#8220;|||&#8220; custom_padding__hover=&#8220;|||&#8220;][et_pb_text _builder_version=&#8220;3.27.4&#8243; text_font=&#8220;||||||||&#8220; text_font_size=&#8220;15px&#8220; text_line_height=&#8220;1.8em&#8220; custom_padding=&#8220;0px|||||&#8220; custom_padding_tablet=&#8220;|40px||40px||true&#8220; custom_padding_last_edited=&#8220;off|desktop&#8220;]<\/p>\n<h2><\/h2>\n<p class=\"p1\">Mittels dieser Datenschutzerkl\u00e4rung m\u00f6chte wir von VVK Kunststofftechnik die \u00d6ffentlichkeit \u00fcber Art, Umfang und Zweck der von uns erhobenen, genutzten und verarbeiteten personenbezogenen Daten im Rahmen der Nutzung unserer Website informieren. Personenbezogene Daten sind alle Daten, die auf Sie als betroffene Person pers\u00f6nlich beziehbar sind (z.B. Name, Adresse, E-Mail-Adresse, Nutzerverhalten). \u00dcberdies werden Sie mittels dieser Datenschutzerkl\u00e4rung \u00fcber die Ihnen zustehenden Rechte aufgekl\u00e4rt.<\/p>\n<p class=\"p1\"><b>Verantwortlicher f<\/b><b>\u00fcr die Verarbeitung gem. Artikel 4 Abs. 7 DSGVO ist:<\/b><\/p>\n<p>VVK Kunststofftechnik GmbH &amp; Co. KG<br \/>Natostra\u00dfe 5<br \/>78583 B\u00f6ttingen<br \/>Tel.: 07429 81199 21<br \/>Fax.: 07429 81199 78<\/p>\n<p class=\"p1\"><b>Kontaktm\u00f6glichkeiten \u00fcber die Website<\/b><\/p>\n<p class=\"p1\">Die schnelle elektronische Kontaktaufnahme zu uns sowie die unmittelbare Kommunikation mit uns werden durch die allgemeine Adresse der sogenannten elektronischen Post (E-Mail-Adresse) und das Kontaktformular erm\u00f6glicht. Sofern Sie per E-Mail oder \u00fcber das Kontaktformular Kontakt mit uns aufnehmen, werden Ihre \u00fcbermittelten personenbezogenen Daten automatisch zum Zwecke der Bearbeitung der Anfrage oder der Kontaktaufnahme gespeichert.<\/p>\n<p class=\"p1\">Die Datenverarbeitung zum Zwecke der Kontaktaufnahme mit uns erfolgt nach Artikel 6 Abs. 1 S. 1 lit. a DSGVO auf Grundlage Ihrer freiwillig erteilten Einwilligung. Die in diesem Zusammenhang anfallenden Daten l\u00f6schen wir, nachdem die Speicherung nicht mehr erforderlich ist, oder schr\u00e4nken die Verarbeitung ein, falls gesetzliche Aufbewahrungspflichten bestehen.<\/p>\n<p class=\"p1\"><b>Erfassung von allgemeinen Daten und Informationen<\/b><\/p>\n<p class=\"p1\">Mit jedem Aufruf unserer Webseite werden \u2013 auch bei der rein informatorischen Nutzung dieser \u2013 eine Reihe von allgemeinen Daten und Informationen \u00fcbermittelt. Dabei erheben wir nur die allgemeinen Daten und Informationen, die Ihr Browser an unseren Server \u00fcbermittelt. Erfasst werden Daten und Informationen, die f\u00fcr uns technisch erforderlich sind, um Ihnen unsere Website anzuzeigen und die der Stabilit\u00e4t, Sicherheit und Gefahrenabwehr im Falle von Angriffen auf unsere informationstechnologischen Systeme dienen, wie z.B.:<\/p>\n<ul class=\"ul1\">\n<li class=\"li1\">IP-Adresse<\/li>\n<li class=\"li1\">Datum und Uhrzeit eines Zugriffs auf die Internetseite<\/li>\n<li class=\"li1\">verwendeter Browsertypen und Versionen<\/li>\n<li class=\"li1\">verwendetes Betriebssystem und dessen Oberfl\u00e4che<\/li>\n<li class=\"li1\">Internetseite, von welcher ein zugreifendes System auf unsere Internetseite gelangt (sogenannte Referrer)<\/li>\n<li class=\"li1\">Unterwebseiten, welche \u00fcber ein zugreifendes System auf unserer Internetseite angesteuert werden,<\/li>\n<li class=\"li1\">Internet-Service-Provider des zugreifenden Systems<\/li>\n<\/ul>\n<p class=\"p1\">und sonstige \u00e4hnliche Daten und Informationen.<\/p>\n<p class=\"p1\">Rechtsgrundlage f\u00fcr die Datenverarbeitung ist in diesem Zusammenhang Artikel 6 Abs. 1 S. 1 lit. f DSGVO.<\/p>\n<p class=\"p1\">VVK Kunststofftechnik zieht bei der Nutzung dieser allgemeinen Daten und Informationen keine R\u00fcckschl\u00fcsse auf Sie als betroffene Person.<\/p>\n<p class=\"p1\"><b>Google Maps<\/b><\/p>\n<p class=\"p1\">Um Ihren Besuch bei uns zu erleichtern, nutzen wir \u00fcber eine API den Kartendienst Google Maps. Anbieter ist die Google Inc., 1600 Amphitheatre Parkway, Mountain View, CA 94043, USA.<\/p>\n<p class=\"p1\">Zur Nutzung der Funktionen von Google Maps ist es notwendig, Ihre IP Adresse zu speichern. Diese Informationen werden in der Regel an einen Server von Google in den USA \u00fcbertragen und dort gespeichert. Der Anbieter dieser Seite hat keinen Einfluss auf diese Daten\u00fcbertragung. Die Nutzung von Google Maps erfolgt im Interesse einer ansprechenden Darstellung unseres Online-Angebotes und an einer leichten Auffindbarkeit der von uns auf der Website angegebenen Orte. Dies stellt ein berechtigtes Interesse im Sinne von Artikel Abs. 6 lit. f) DSGVO dar.Mehr Informationen zum Umgang mit Nutzerdaten finden Sie in der Datenschutzerkl\u00e4rung von Google:\u00a0<span class=\"s2\">Datenschutzerkl\u00e4rung von Google<\/span>\u00a0(Link zur Datenschutzerkl\u00e4rung v.Google).<\/p>\n<p class=\"p1\"><b>Datenschutz bei Bewerbungen<\/b><\/p>\n<p class=\"p1\">VVK Kunststofftechnik erhebt und verarbeitet \u00fcberdies die personenbezogenen Daten von Bewerbern zum Zwecke der Abwicklung des Bewerbungsverfahrens. Die Verarbeitung kann auch auf elektronischem Wege erfolgen, insbesondere wenn Bewerber Bewerbungsunterlagen auf dem elektronischen Wege, beispielsweise per E-Mail, \u00fcbermitteln. Schlie\u00dft VVK Kunststofftechnik einen Anstellungsvertrag mit einem Bewerber, werden die \u00fcbermittelten Daten zum Zwecke der Abwicklung des Besch\u00e4ftigungsverh\u00e4ltnisses unter Beachtung der gesetzlichen Vorschriften gespeichert. Rechtsgrundlage ist in diesem Zusammenhang Artikel 88 DSGVO, \u00a7 26 BDSG. Wird von dem f\u00fcr die Verarbeitung Verantwortlichen kein Anstellungsvertrag mit dem Bewerber geschlossen, so werden die Bewerbungsunterlagen zwei Monate nach Bekanntgabe der Absageentscheidung automatisch gel\u00f6scht, sofern einer L\u00f6schung keine sonstigen berechtigten Interessen entgegenstehen. Ein sonstiges berechtigtes Interesse ist beispielsweise die Beweispflicht in einem Verfahren nach dem Allgemeinen Gleichbehandlungsgesetz (AGG).<\/p>\n<p class=\"p1\"><b>Weitergabe von Daten an Dritte<\/b><\/p>\n<p class=\"p1\">Wir geben Ihre pers\u00f6nlichen Daten nur dann an Dritte weiter, wenn:<\/p>\n<ul class=\"ul1\">\n<li class=\"li1\">Sie Ihre nach Artikel 6 Abs. 1 S. 1 lit. a DSGVO ausdr\u00fcckliche Einwilligung dazu erteilt haben,<\/li>\n<li class=\"li1\">die Weitergabe nach Artikel 6 Abs. 1 S. 1 lit. f DSGVO zur Geltendmachung, Aus\u00fcbung oder Verteidigung von Rechtsanspr\u00fcchen erforderlich ist und kein Grund zur Annahme besteht, dass Sie ein \u00fcberwiegendes schutzw\u00fcrdiges Interesse an der Nichtweitergabe Ihrer Daten haben,<\/li>\n<li class=\"li1\">f\u00fcr den Fall, dass f\u00fcr die Weitergabe nach Artikel 6 Abs. 1 S. 1 lit. c DSGVO eine gesetzliche Verpflichtung besteht, sowie<\/li>\n<li class=\"li1\">dies gesetzlich zul\u00e4ssig und nach Artikel 6 Abs. 1 S. 1 lit. b DSGVO f\u00fcr die Abwicklung von Vertragsverh\u00e4ltnissen mit Ihnen erforderlich ist.<\/li>\n<\/ul>\n<p class=\"p1\"><b>Rechte der betroffenen Person<\/b><\/p>\n<p class=\"p1\">Sie als von der Verarbeitung personenbezogener Daten betroffene Person haben gegen\u00fcber VVK Kunststofftechnik folgende, in der europ\u00e4ischen Datenschutzgrundverordnung (DSGVO) einger\u00e4umte Rechte:<\/p>\n<ul class=\"ul1\">\n<li class=\"li1\">Recht auf Auskunft \u00fcber die betreffenden personenbezogenen Daten gem\u00e4\u00df Artikel 15 Absatz 1 DSGVO.<\/li>\n<li class=\"li1\">Recht auf Berichtigung unrichtiger personenbezogener Daten gem\u00e4\u00df Artikel 16 DSGVO.<\/li>\n<li class=\"li1\">Recht auf L\u00f6schung (Recht auf Vergessen werden) der sie betreffenden personenbezogenen Daten gem\u00e4\u00df Artikel 17 DSGVO.<\/li>\n<li class=\"li1\">Recht auf Einschr\u00e4nkung der Verarbeitung gem\u00e4\u00df Artikel 18 DSGVO.<\/li>\n<li class=\"li1\">Recht auf Daten\u00fcbertragbarkeit gem\u00e4\u00df Artikel 20 DSGVO.<\/li>\n<li class=\"li1\">Recht auf Widerspruch gegen die Verarbeitung gem\u00e4\u00df Artikel 21 DSGVO, soweit die Verarbeitung von personenbezogenen Daten auf eine \u00a0Interessenabw\u00e4gung gem\u00e4\u00df Artikel 6 Abs. 1 S. 1 lit. f DSGVO gest\u00fctzt wird. Dabei bitten wir um die Darlegung der Gr\u00fcnde, weshalb wir Ihre personenbezogenen Daten nicht verarbeiten sollten. Im Falle des Widerspruchs pr\u00fcfen wir die Sachlage und werden die Datenverarbeitung einstellen, anpassen oder Ihnen unsere zwingenden schutzw\u00fcrdigen Gr\u00fcnde aufzeigen, aufgrund derer wir die Verarbeitung fortf\u00fchren.<\/li>\n<li class=\"li1\">Jederzeitiges Recht auf Widerspruch bzgl. der Verarbeitung Ihrer personenbezogener Daten f\u00fcr Zwecke der Werbung und Datenanalyse gem\u00e4\u00df Artikel 21 Absatz 3 DSGVO.<\/li>\n<li class=\"li1\">Recht, grunds\u00e4tzlich keiner automatisierten Entscheidungen \u2013 einschlie\u00dflich Profiling \u2013 unterworfen zu sein, die ihr gegen\u00fcber rechtliche Wirkung entfaltet gem\u00e4\u00df Artikel 22 DSGVO.<\/li>\n<li class=\"li1\">Recht auf jederzeitigen Widerruf einer Einwilligung gem\u00e4\u00df Artikel 7 Absatz 3 DSGVO, falls Sie uns eine Einwilligung zur Verarbeitung Ihrer Daten erteilt haben. Ein Widerruf l\u00e4sst die Rechtm\u00e4\u00dfigkeit der aufgrund der Einwilligung bis zum Widerruf erfolgten Verarbeitung unber\u00fchrt.<\/li>\n<\/ul>\n<p class=\"p1\">M\u00f6chte Sie eines der vorstehenden Rechte geltend machen, k\u00f6nnen Sie sich hierzu jederzeit an uns von VVK Kunststofftechnik wenden.<\/p>\n<p class=\"p1\">\u00dcberdies haben Sie das Recht auf Beschwerde bei einer Aufsichtsbeh\u00f6rde, wenn Sie der Ansicht sind, dass die Verarbeitung der Sie betreffenden personenbezogenen Daten gegen das geltende Datenschutzrecht verst\u00f6\u00dft.<\/p>\n<p class=\"p1\">Die f\u00fcr uns zust\u00e4ndige Aufsichtsbeh\u00f6rde ist der<\/p>\n<p>Landesbeauftragte f. d. Datenschutz u. d. Informationsfreiheit Baden-W\u00fcrttemberg<br \/>K\u00f6nigstrasse 10<br \/>70173 Stuttgart<br \/>Tel.: 0711\/615541-0<br \/>Fax: 0711\/615541-15<br \/>E-Mail:\u00a0<a href=\"mailto:poststelle@lfdi.bwl.de\"><span class=\"s4\">poststelle@lfdi.bwl.de<\/span><\/a><br \/>Web:\u00a0<a href=\"http:\/\/www.baden-wuerttemberg.datenschutz.de\/\"><span class=\"s4\">www.baden-wuerttemberg.datenschutz.de<\/span><\/a><\/p>\n<p><span style=\"font-size: 15px;\">.<\/span><\/p>\n<p>[\/et_pb_text][\/et_pb_column][\/et_pb_row][\/et_pb_section]<\/p>\n","protected":false},"excerpt":{"rendered":"<p>Datenschutzerkl\u00e4rung Mittels dieser Datenschutzerkl\u00e4rung m\u00f6chte wir von VVK Kunststofftechnik die \u00d6ffentlichkeit \u00fcber Art, Umfang und Zweck der von uns erhobenen, genutzten und verarbeiteten personenbezogenen Daten im Rahmen der Nutzung unserer Website informieren. Personenbezogene Daten sind alle Daten, die auf Sie als betroffene Person pers\u00f6nlich beziehbar sind (z.B. Name, Adresse, E-Mail-Adresse, Nutzerverhalten). \u00dcberdies werden Sie mittels [&hellip;]<\/p>\n","protected":false},"author":1,"featured_media":0,"parent":0,"menu_order":0,"comment_status":"closed","ping_status":"closed","template":"","meta":{"_et_pb_use_builder":"on","_et_pb_old_content":"","_et_gb_content_width":"","footnotes":""},"class_list":["post-104","page","type-page","status-publish","hentry"],"jetpack_sharing_enabled":true,"_links":{"self":[{"href":"https:\/\/biologische-kunststoffe.de\/index.php?rest_route=\/wp\/v2\/pages\/104","targetHints":{"allow":["GET"]}}],"collection":[{"href":"https:\/\/biologische-kunststoffe.de\/index.php?rest_route=\/wp\/v2\/pages"}],"about":[{"href":"https:\/\/biologische-kunststoffe.de\/index.php?rest_route=\/wp\/v2\/types\/page"}],"author":[{"embeddable":true,"href":"https:\/\/biologische-kunststoffe.de\/index.php?rest_route=\/wp\/v2\/users\/1"}],"replies":[{"embeddable":true,"href":"https:\/\/biologische-kunststoffe.de\/index.php?rest_route=%2Fwp%2Fv2%2Fcomments&post=104"}],"version-history":[{"count":2,"href":"https:\/\/biologische-kunststoffe.de\/index.php?rest_route=\/wp\/v2\/pages\/104\/revisions"}],"predecessor-version":[{"id":107,"href":"https:\/\/biologische-kunststoffe.de\/index.php?rest_route=\/wp\/v2\/pages\/104\/revisions\/107"}],"wp:attachment":[{"href":"https:\/\/biologische-kunststoffe.de\/index.php?rest_route=%2Fwp%2Fv2%2Fmedia&parent=104"}],"curies":[{"name":"wp","href":"https:\/\/api.w.org\/{rel}","templated":true}]}}